{"id":7659,"date":"2020-02-04T12:18:56","date_gmt":"2020-02-04T11:18:56","guid":{"rendered":"https:\/\/optik.roman-wagner.de\/lunettes-de-sport\/"},"modified":"2026-04-30T15:32:59","modified_gmt":"2026-04-30T13:32:59","slug":"lunettes-de-sport","status":"publish","type":"page","link":"https:\/\/optik.roman-wagner.de\/fr\/lunettes-de-sport\/","title":{"rendered":"Lunettes de sport"},"content":{"rendered":"<p>[et_pb_section fb_built=\u00a0\u00bb1&Prime; _builder_version=\u00a0\u00bb4.25.1&Prime; custom_margin=\u00a0\u00bb130px||||false|false\u00a0\u00bb custom_margin_tablet=\u00a0\u00bb130px||||false|false\u00a0\u00bb custom_margin_phone=\u00a0\u00bb70px||||false|false\u00a0\u00bb custom_margin_last_edited=\u00a0\u00bbon|desktop\u00a0\u00bb custom_padding=\u00a0\u00bb0px||0px||false|false\u00a0\u00bb da_disable_devices=\u00a0\u00bboff|off|off\u00a0\u00bb global_colors_info=\u00a0\u00bb{}\u00a0\u00bb da_is_popup=\u00a0\u00bboff\u00a0\u00bb da_exit_intent=\u00a0\u00bboff\u00a0\u00bb da_has_close=\u00a0\u00bbon\u00a0\u00bb da_alt_close=\u00a0\u00bboff\u00a0\u00bb da_dark_close=\u00a0\u00bboff\u00a0\u00bb da_not_modal=\u00a0\u00bbon\u00a0\u00bb da_is_singular=\u00a0\u00bboff\u00a0\u00bb da_with_loader=\u00a0\u00bboff\u00a0\u00bb da_has_shadow=\u00a0\u00bbon\u00a0\u00bb][et_pb_row _builder_version=\u00a0\u00bb4.25.1&Prime; width=\u00a0\u00bb100%\u00a0\u00bb max_width=\u00a0\u00bb2560px\u00a0\u00bb custom_margin=\u00a0\u00bb0px||||false|false\u00a0\u00bb custom_padding=\u00a0\u00bb0px||6px||false|false\u00a0\u00bb global_colors_info=\u00a0\u00bb{}\u00a0\u00bb][et_pb_column type=\u00a0\u00bb4_4&Prime; _builder_version=\u00a0\u00bb4.16&Prime; global_colors_info=\u00a0\u00bb{}\u00a0\u00bb][et_pb_image src=\u00a0\u00bbhttps:\/\/optik.roman-wagner.de\/wp-content\/uploads\/2020\/07\/CANDE_Boll\u00e9_Biarritz_Mai19_.jpg\u00a0\u00bb title_text=\u00a0\u00bbCANDE_Boll\u00e9_Biarritz_Mai19_\u00a0\u00bb force_fullwidth=\u00a0\u00bbon\u00a0\u00bb _builder_version=\u00a0\u00bb4.25.1&Prime; max_height=\u00a0\u00bb947px\u00a0\u00bb custom_padding=\u00a0\u00bb||||false|false\u00a0\u00bb filter_saturate=\u00a0\u00bb134%\u00a0\u00bb filter_contrast=\u00a0\u00bb80%\u00a0\u00bb global_colors_info=\u00a0\u00bb{}\u00a0\u00bb][\/et_pb_image][\/et_pb_column][\/et_pb_row][et_pb_row _builder_version=\u00a0\u00bb4.16&Prime; custom_padding=\u00a0\u00bb32px||2px|||\u00a0\u00bb global_colors_info=\u00a0\u00bb{}\u00a0\u00bb][et_pb_column type=\u00a0\u00bb4_4&Prime; _builder_version=\u00a0\u00bb4.16&Prime; global_colors_info=\u00a0\u00bb{}\u00a0\u00bb][dsm_text_notation notation_text=\u00a0\u00bbLunettes de sport\u00a0\u00bb notation_color=\u00a0\u00bb#0084D7&Prime; notation_width=\u00a0\u00bb4&Prime; _builder_version=\u00a0\u00bb4.25.1&Prime; _module_preset=\u00a0\u00bbdefault\u00a0\u00bb header_font=\u00a0\u00bb|700|||||||\u00a0\u00bb header_text_color=\u00a0\u00bb#000000&Prime; notation_font=\u00a0\u00bb|700|||||||\u00a0\u00bb notation_text_color=\u00a0\u00bb#000000&Prime; text_orientation=\u00a0\u00bbleft\u00a0\u00bb width=\u00a0\u00bb100%\u00a0\u00bb custom_margin=\u00a0\u00bb||2px||false|false\u00a0\u00bb custom_padding=\u00a0\u00bb0px||||false|false\u00a0\u00bb header_font_size_tablet=\u00a0\u00bb\u00a0\u00bb header_font_size_phone=\u00a0\u00bb\u00a0\u00bb header_font_size_last_edited=\u00a0\u00bbon|desktop\u00a0\u00bb header_line_height_tablet=\u00a0\u00bb\u00a0\u00bb header_line_height_phone=\u00a0\u00bb1.3em\u00a0\u00bb header_line_height_last_edited=\u00a0\u00bbon|phone\u00a0\u00bb locked=\u00a0\u00bboff\u00a0\u00bb global_colors_info=\u00a0\u00bb{}\u00a0\u00bb][\/dsm_text_notation][et_pb_text _builder_version=\u00a0\u00bb4.25.1&Prime; custom_margin=\u00a0\u00bb0px|0px|10px|0px|false|false\u00a0\u00bb custom_padding=\u00a0\u00bb||0px|||\u00a0\u00bb global_colors_info=\u00a0\u00bb{}\u00a0\u00bb]<\/p>\n<h2>Une vision optimale pour les sportifs<\/h2>\n<p>Les activit\u00e9s sportives sont toujours recommand\u00e9es. Cependant, sans lunettes de sport adapt\u00e9es, cela peut s\u2019av\u00e9rer risqu\u00e9, car les accidents de sport sont une cause fr\u00e9quente de graves blessures oculaires. Des lunettes de sport professionnelles prot\u00e8gent vos yeux de mani\u00e8re optimale contre les rayons UV, la salet\u00e9 et le vent. Le choix des bonnes lunettes de sport doit donc \u00eatre fait avec soin afin qu\u2019elles r\u00e9pondent parfaitement aux exigences particuli\u00e8res.   <\/p>\n<p>[\/et_pb_text][\/et_pb_column][\/et_pb_row][et_pb_row column_structure=\u00a0\u00bb1_2,1_2&Prime; _builder_version=\u00a0\u00bb4.16&Prime; custom_padding=\u00a0\u00bb3px||39px|||\u00a0\u00bb global_colors_info=\u00a0\u00bb{}\u00a0\u00bb][et_pb_column type=\u00a0\u00bb1_2&Prime; _builder_version=\u00a0\u00bb4.16&Prime; global_colors_info=\u00a0\u00bb{}\u00a0\u00bb][et_pb_cta title=\u00a0\u00bbVos avantages :\u00a0\u00bb button_url=\u00a0\u00bbhttps:\/\/optik.roman-wagner.de\/wp-content\/uploads\/2024\/02\/BikeFun-A4_Roman-Wagner-2024.pdf\u00a0\u00bb _builder_version=\u00a0\u00bb4.25.1&Prime; header_level=\u00a0\u00bbh3&Prime; header_text_align=\u00a0\u00bbleft\u00a0\u00bb background_color=\u00a0\u00bb#ffffff\u00a0\u00bb text_orientation=\u00a0\u00bbleft\u00a0\u00bb background_layout=\u00a0\u00bblight\u00a0\u00bb custom_margin=\u00a0\u00bb|0px|0px|0px|false|false\u00a0\u00bb custom_padding=\u00a0\u00bb0px|0px|0px|0px|false|false\u00a0\u00bb global_colors_info=\u00a0\u00bb{}\u00a0\u00bb]<\/p>\n<p>\u2022 Vision parfaite dans les situations dynamiques<br \/>\u2022 Protection optimis\u00e9e contre le vent et protection UV \u00e0 100 %<br \/>\u2022 L\u00e9g\u00e8res et incassables<\/p>\n<p><strong>Il existe des lunettes adapt\u00e9es \u00e0 chaque sport&#8230;<\/strong><\/p>\n<p>Le choix de lunettes de sport ne cesse de s\u2019\u00e9largir. Il existe des mod\u00e8les pour presque tous les sports et de nouveaux sports tendance apparaissent constamment. Nous trouverons \u00e9galement le mod\u00e8le qui vous convient, \u00e0 vous et \u00e0 votre sport favori \u2013 que ce soit pour le tennis, le cyclisme, le golf, la course \u00e0 pied ou les sports d\u2019hiver.  <\/p>\n<p><strong>&#8230; \u2013 \u00e9galement avec votre correction pour une vision parfaite<\/strong><\/p>\n<p>La technologie de pr\u00e9cision \u00ab Freeform \u00bb permet la fabrication d\u2019un verre de lunettes de sport sur mesure pour vous. <strong>Les verres sont calcul\u00e9s sp\u00e9cifiquement pour les montures galb\u00e9es.<\/strong> De cette mani\u00e8re, ils offrent un grand confort visuel jusque dans les zones p\u00e9riph\u00e9riques \u2013 qu\u2019il s\u2019agisse de verres unifocaux ou progressifs.<\/p>\n<p>Nous vous conseillons de mani\u00e8re compl\u00e8te et trouvons ensemble les lunettes de sport parfaitement adapt\u00e9es \u00e0 votre sport favori.<\/p>\n<p>[\/et_pb_cta][et_pb_button button_url=\u00a0\u00bbhttps:\/\/optik.roman-wagner.de\/wp-content\/uploads\/2026\/04\/SportFun2026.pdf\u00a0\u00bb button_text=\u00a0\u00bbVers l\u2019offre de lunettes de sport\u00a0\u00bb _builder_version=\u00a0\u00bb4.27.4&Prime; _module_preset=\u00a0\u00bbdefault\u00a0\u00bb custom_margin=\u00a0\u00bb0px||||false|false\u00a0\u00bb custom_padding=\u00a0\u00bb||||false|false\u00a0\u00bb global_colors_info=\u00a0\u00bb{}\u00a0\u00bb][\/et_pb_button][et_pb_button button_url=\u00a0\u00bbhttps:\/\/optik.roman-wagner.de\/online-termin\/\u00a0\u00bb button_text=\u00a0\u00bbPrendre rendez-vous en ligne\u00a0\u00bb _builder_version=\u00a0\u00bb4.25.1&Prime; _module_preset=\u00a0\u00bbdefault\u00a0\u00bb custom_margin=\u00a0\u00bb0px||||false|false\u00a0\u00bb custom_padding=\u00a0\u00bb||||false|false\u00a0\u00bb global_colors_info=\u00a0\u00bb{}\u00a0\u00bb][\/et_pb_button][\/et_pb_column][et_pb_column type=\u00a0\u00bb1_2&Prime; _builder_version=\u00a0\u00bb4.16&Prime; global_colors_info=\u00a0\u00bb{}\u00a0\u00bb][et_pb_image src=\u00a0\u00bbhttps:\/\/optik.roman-wagner.de\/wp-content\/uploads\/2019\/12\/Sportbrillen-1.jpg\u00a0\u00bb title_text=\u00a0\u00bbSportbrillen-1&Prime; force_fullwidth=\u00a0\u00bbon\u00a0\u00bb _builder_version=\u00a0\u00bb4.25.1&Prime; _module_preset=\u00a0\u00bbdefault\u00a0\u00bb filter_contrast=\u00a0\u00bb80%\u00a0\u00bb global_colors_info=\u00a0\u00bb{}\u00a0\u00bb][\/et_pb_image][et_pb_gallery gallery_ids=\u00a0\u00bb7660,7661,7662,7663,7664&Prime; posts_number=\u00a0\u00bb6&Prime; show_title_and_caption=\u00a0\u00bboff\u00a0\u00bb show_pagination=\u00a0\u00bboff\u00a0\u00bb _builder_version=\u00a0\u00bb4.27.4&Prime; custom_margin=\u00a0\u00bb||53px|||\u00a0\u00bb global_colors_info=\u00a0\u00bb{}\u00a0\u00bb][\/et_pb_gallery][et_pb_image src=\u00a0\u00bbhttps:\/\/optik.roman-wagner.de\/wp-content\/uploads\/2020\/02\/rudyproject-e1580830015663.jpg\u00a0\u00bb title_text=\u00a0\u00bbrudyproject\u00a0\u00bb _builder_version=\u00a0\u00bb4.27.4&Prime; _module_preset=\u00a0\u00bbdefault\u00a0\u00bb custom_margin=\u00a0\u00bb17px|||||\u00a0\u00bb global_colors_info=\u00a0\u00bb{}\u00a0\u00bb][\/et_pb_image][\/et_pb_column][\/et_pb_row][\/et_pb_section]<\/p>\n","protected":false},"excerpt":{"rendered":"<p><div class=\"et_pb_module dsm_text_notation dsm_text_notation_0  et_pb_text_align_left et_pb_bg_layout_light\">\n\t\t\t\t\n\t\t\t\t\n\t\t\t\t\n\t\t\t\t\n\t\t\t\t\n\t\t\t\t\n\t\t\t\t<div class=\"et_pb_module_inner\">\n\t\t\t\t\t<h1 class=\"dsm-text-notation-main et_pb_module_header\"><span data-notation=\"[{&quot;type&quot;:&quot;underline&quot;,&quot;color&quot;:&quot;#0084D7&quot;,&quot;stroke-width&quot;:&quot;4&quot;,&quot;iterations&quot;:&quot;2&quot;,&quot;brackets&quot;:&quot;left|right&quot;,&quot;viewport&quot;:&quot;80%&quot;,&quot;delay&quot;:&quot;0ms&quot;,&quot;divi-animate&quot;:&quot;none&quot;,&quot;divi-animate-duration&quot;:&quot;1000ms&quot;,&quot;divi-animate-delay&quot;:&quot;0ms&quot;}]\" class=\"dsm-text-notation-middle\">Lunettes de sport<\/span><\/h1>\n\t\t\t\t<\/div>\n\t\t\t<\/div>Une vision optimale pour les sportifs Les activit\u00e9s sportives sont toujours recommand\u00e9es. Cependant, sans lunettes de sport adapt\u00e9es, cela peut s\u2019av\u00e9rer risqu\u00e9, car les accidents de sport sont une cause fr\u00e9quente de graves blessures oculaires. Des lunettes de sport professionnelles prot\u00e8gent vos yeux de mani\u00e8re optimale contre les rayons UV, la salet\u00e9 et le vent. Le choix des bonnes lunettes de sport doit donc \u00eatre fait avec soin afin qu\u2019elles r\u00e9pondent parfaitement aux exigences particuli\u00e8res. \u2022 Vision parfaite dans les situations dynamiques\u2022 Protection optimis\u00e9e contre le vent et protection UV \u00e0 100 %\u2022 L\u00e9g\u00e8res et incassables Il existe des lunettes adapt\u00e9es \u00e0 chaque sport&#8230; Le choix de lunettes de sport ne cesse de s\u2019\u00e9largir. Il existe des mod\u00e8les pour presque tous les sports et de nouveaux sports tendance apparaissent constamment. Nous trouverons \u00e9galement le mod\u00e8le qui vous convient, \u00e0 vous et \u00e0 votre sport favori \u2013 que ce soit pour le tennis, le cyclisme, le golf, la course \u00e0 pied ou les sports d\u2019hiver. &#8230; \u2013 \u00e9galement avec votre correction pour une vision parfaite La technologie de [&hellip;]<\/p>\n","protected":false},"author":1,"featured_media":0,"parent":0,"menu_order":0,"comment_status":"closed","ping_status":"closed","template":"","meta":{"_et_pb_use_builder":"on","_et_pb_old_content":"","_et_gb_content_width":"","iawp_total_views":0,"footnotes":""},"class_list":["post-7659","page","type-page","status-publish","hentry"],"yoast_head":"<!-- This site is optimized with the Yoast SEO plugin v27.4 - https:\/\/yoast.com\/product\/yoast-seo-wordpress\/ -->\n<title>Lunettes de sport - Roman Wagner<\/title>\n<meta name=\"robots\" content=\"index, follow, max-snippet:-1, max-image-preview:large, max-video-preview:-1\" \/>\n<link rel=\"canonical\" href=\"https:\/\/optik.roman-wagner.de\/fr\/lunettes-de-sport\/\" \/>\n<meta property=\"og:locale\" content=\"fr_FR\" \/>\n<meta property=\"og:type\" content=\"article\" \/>\n<meta property=\"og:title\" content=\"Lunettes de sport - Roman Wagner\" \/>\n<meta property=\"og:description\" content=\"Une vision optimale pour les sportifs Les activit\u00e9s sportives sont toujours recommand\u00e9es. Cependant, sans lunettes de sport adapt\u00e9es, cela peut s\u2019av\u00e9rer risqu\u00e9, car les accidents de sport sont une cause fr\u00e9quente de graves blessures oculaires. Des lunettes de sport professionnelles prot\u00e8gent vos yeux de mani\u00e8re optimale contre les rayons UV, la salet\u00e9 et le vent. Le choix des bonnes lunettes de sport doit donc \u00eatre fait avec soin afin qu\u2019elles r\u00e9pondent parfaitement aux exigences particuli\u00e8res. \u2022 Vision parfaite dans les situations dynamiques\u2022 Protection optimis\u00e9e contre le vent et protection UV \u00e0 100 %\u2022 L\u00e9g\u00e8res et incassables Il existe des lunettes adapt\u00e9es \u00e0 chaque sport... Le choix de lunettes de sport ne cesse de s\u2019\u00e9largir. Il existe des mod\u00e8les pour presque tous les sports et de nouveaux sports tendance apparaissent constamment. Nous trouverons \u00e9galement le mod\u00e8le qui vous convient, \u00e0 vous et \u00e0 votre sport favori \u2013 que ce soit pour le tennis, le cyclisme, le golf, la course \u00e0 pied ou les sports d\u2019hiver. ... \u2013 \u00e9galement avec votre correction pour une vision parfaite La technologie de [&hellip;]\" \/>\n<meta property=\"og:url\" content=\"https:\/\/optik.roman-wagner.de\/fr\/lunettes-de-sport\/\" \/>\n<meta property=\"og:site_name\" content=\"Roman Wagner\" \/>\n<meta property=\"article:publisher\" content=\"https:\/\/www.facebook.com\/romanwagner.optiker\" \/>\n<meta property=\"article:modified_time\" content=\"2026-04-30T13:32:59+00:00\" \/>\n<meta name=\"twitter:card\" content=\"summary_large_image\" \/>\n<meta name=\"twitter:label1\" content=\"Dur\u00e9e de lecture estim\u00e9e\" \/>\n\t<meta name=\"twitter:data1\" content=\"4 minutes\" \/>\n<script type=\"application\/ld+json\" class=\"yoast-schema-graph\">{\"@context\":\"https:\\\/\\\/schema.org\",\"@graph\":[{\"@type\":\"WebPage\",\"@id\":\"https:\\\/\\\/optik.roman-wagner.de\\\/fr\\\/lunettes-de-sport\\\/\",\"url\":\"https:\\\/\\\/optik.roman-wagner.de\\\/fr\\\/lunettes-de-sport\\\/\",\"name\":\"Lunettes de sport - Roman Wagner\",\"isPartOf\":{\"@id\":\"https:\\\/\\\/optik.roman-wagner.de\\\/fr\\\/#website\"},\"datePublished\":\"2020-02-04T11:18:56+00:00\",\"dateModified\":\"2026-04-30T13:32:59+00:00\",\"breadcrumb\":{\"@id\":\"https:\\\/\\\/optik.roman-wagner.de\\\/fr\\\/lunettes-de-sport\\\/#breadcrumb\"},\"inLanguage\":\"fr-FR\",\"potentialAction\":[{\"@type\":\"ReadAction\",\"target\":[\"https:\\\/\\\/optik.roman-wagner.de\\\/fr\\\/lunettes-de-sport\\\/\"]}]},{\"@type\":\"BreadcrumbList\",\"@id\":\"https:\\\/\\\/optik.roman-wagner.de\\\/fr\\\/lunettes-de-sport\\\/#breadcrumb\",\"itemListElement\":[{\"@type\":\"ListItem\",\"position\":1,\"name\":\"Startseite\",\"item\":\"https:\\\/\\\/optik.roman-wagner.de\\\/fr\\\/centres-pour-une-bonne-vision\\\/\"},{\"@type\":\"ListItem\",\"position\":2,\"name\":\"Lunettes de sport\"}]},{\"@type\":\"WebSite\",\"@id\":\"https:\\\/\\\/optik.roman-wagner.de\\\/fr\\\/#website\",\"url\":\"https:\\\/\\\/optik.roman-wagner.de\\\/fr\\\/\",\"name\":\"Der Augenoptiker Roman Wagner\",\"description\":\"Zentren f\u00fcr gutes Sehen\",\"publisher\":{\"@id\":\"https:\\\/\\\/optik.roman-wagner.de\\\/fr\\\/#organization\"},\"potentialAction\":[{\"@type\":\"SearchAction\",\"target\":{\"@type\":\"EntryPoint\",\"urlTemplate\":\"https:\\\/\\\/optik.roman-wagner.de\\\/fr\\\/?s={search_term_string}\"},\"query-input\":{\"@type\":\"PropertyValueSpecification\",\"valueRequired\":true,\"valueName\":\"search_term_string\"}}],\"inLanguage\":\"fr-FR\"},{\"@type\":\"Organization\",\"@id\":\"https:\\\/\\\/optik.roman-wagner.de\\\/fr\\\/#organization\",\"name\":\"Der Augenoptiker Roman Wagner\",\"url\":\"https:\\\/\\\/optik.roman-wagner.de\\\/fr\\\/\",\"logo\":{\"@type\":\"ImageObject\",\"inLanguage\":\"fr-FR\",\"@id\":\"https:\\\/\\\/optik.roman-wagner.de\\\/fr\\\/#\\\/schema\\\/logo\\\/image\\\/\",\"url\":\"https:\\\/\\\/optik.roman-wagner.de\\\/wp-content\\\/uploads\\\/2019\\\/11\\\/Logo-RW-quadrat.jpg\",\"contentUrl\":\"https:\\\/\\\/optik.roman-wagner.de\\\/wp-content\\\/uploads\\\/2019\\\/11\\\/Logo-RW-quadrat.jpg\",\"width\":488,\"height\":479,\"caption\":\"Der Augenoptiker Roman Wagner\"},\"image\":{\"@id\":\"https:\\\/\\\/optik.roman-wagner.de\\\/fr\\\/#\\\/schema\\\/logo\\\/image\\\/\"},\"sameAs\":[\"https:\\\/\\\/www.facebook.com\\\/romanwagner.optiker\",\"https:\\\/\\\/www.instagram.com\\\/romanwagner.optiker\\\/\",\"https:\\\/\\\/www.youtube.com\\\/channel\\\/UCIHnCII9jl34mZG08gXgG6A\"]}]}<\/script>\n<!-- \/ Yoast SEO plugin. -->","yoast_head_json":{"title":"Lunettes de sport - Roman Wagner","robots":{"index":"index","follow":"follow","max-snippet":"max-snippet:-1","max-image-preview":"max-image-preview:large","max-video-preview":"max-video-preview:-1"},"canonical":"https:\/\/optik.roman-wagner.de\/fr\/lunettes-de-sport\/","og_locale":"fr_FR","og_type":"article","og_title":"Lunettes de sport - Roman Wagner","og_description":"Une vision optimale pour les sportifs Les activit\u00e9s sportives sont toujours recommand\u00e9es. Cependant, sans lunettes de sport adapt\u00e9es, cela peut s\u2019av\u00e9rer risqu\u00e9, car les accidents de sport sont une cause fr\u00e9quente de graves blessures oculaires. Des lunettes de sport professionnelles prot\u00e8gent vos yeux de mani\u00e8re optimale contre les rayons UV, la salet\u00e9 et le vent. Le choix des bonnes lunettes de sport doit donc \u00eatre fait avec soin afin qu\u2019elles r\u00e9pondent parfaitement aux exigences particuli\u00e8res. \u2022 Vision parfaite dans les situations dynamiques\u2022 Protection optimis\u00e9e contre le vent et protection UV \u00e0 100 %\u2022 L\u00e9g\u00e8res et incassables Il existe des lunettes adapt\u00e9es \u00e0 chaque sport... Le choix de lunettes de sport ne cesse de s\u2019\u00e9largir. Il existe des mod\u00e8les pour presque tous les sports et de nouveaux sports tendance apparaissent constamment. Nous trouverons \u00e9galement le mod\u00e8le qui vous convient, \u00e0 vous et \u00e0 votre sport favori \u2013 que ce soit pour le tennis, le cyclisme, le golf, la course \u00e0 pied ou les sports d\u2019hiver. ... \u2013 \u00e9galement avec votre correction pour une vision parfaite La technologie de [&hellip;]","og_url":"https:\/\/optik.roman-wagner.de\/fr\/lunettes-de-sport\/","og_site_name":"Roman Wagner","article_publisher":"https:\/\/www.facebook.com\/romanwagner.optiker","article_modified_time":"2026-04-30T13:32:59+00:00","twitter_card":"summary_large_image","twitter_misc":{"Dur\u00e9e de lecture estim\u00e9e":"4 minutes"},"schema":{"@context":"https:\/\/schema.org","@graph":[{"@type":"WebPage","@id":"https:\/\/optik.roman-wagner.de\/fr\/lunettes-de-sport\/","url":"https:\/\/optik.roman-wagner.de\/fr\/lunettes-de-sport\/","name":"Lunettes de sport - Roman Wagner","isPartOf":{"@id":"https:\/\/optik.roman-wagner.de\/fr\/#website"},"datePublished":"2020-02-04T11:18:56+00:00","dateModified":"2026-04-30T13:32:59+00:00","breadcrumb":{"@id":"https:\/\/optik.roman-wagner.de\/fr\/lunettes-de-sport\/#breadcrumb"},"inLanguage":"fr-FR","potentialAction":[{"@type":"ReadAction","target":["https:\/\/optik.roman-wagner.de\/fr\/lunettes-de-sport\/"]}]},{"@type":"BreadcrumbList","@id":"https:\/\/optik.roman-wagner.de\/fr\/lunettes-de-sport\/#breadcrumb","itemListElement":[{"@type":"ListItem","position":1,"name":"Startseite","item":"https:\/\/optik.roman-wagner.de\/fr\/centres-pour-une-bonne-vision\/"},{"@type":"ListItem","position":2,"name":"Lunettes de sport"}]},{"@type":"WebSite","@id":"https:\/\/optik.roman-wagner.de\/fr\/#website","url":"https:\/\/optik.roman-wagner.de\/fr\/","name":"Der Augenoptiker Roman Wagner","description":"Zentren f\u00fcr gutes Sehen","publisher":{"@id":"https:\/\/optik.roman-wagner.de\/fr\/#organization"},"potentialAction":[{"@type":"SearchAction","target":{"@type":"EntryPoint","urlTemplate":"https:\/\/optik.roman-wagner.de\/fr\/?s={search_term_string}"},"query-input":{"@type":"PropertyValueSpecification","valueRequired":true,"valueName":"search_term_string"}}],"inLanguage":"fr-FR"},{"@type":"Organization","@id":"https:\/\/optik.roman-wagner.de\/fr\/#organization","name":"Der Augenoptiker Roman Wagner","url":"https:\/\/optik.roman-wagner.de\/fr\/","logo":{"@type":"ImageObject","inLanguage":"fr-FR","@id":"https:\/\/optik.roman-wagner.de\/fr\/#\/schema\/logo\/image\/","url":"https:\/\/optik.roman-wagner.de\/wp-content\/uploads\/2019\/11\/Logo-RW-quadrat.jpg","contentUrl":"https:\/\/optik.roman-wagner.de\/wp-content\/uploads\/2019\/11\/Logo-RW-quadrat.jpg","width":488,"height":479,"caption":"Der Augenoptiker Roman Wagner"},"image":{"@id":"https:\/\/optik.roman-wagner.de\/fr\/#\/schema\/logo\/image\/"},"sameAs":["https:\/\/www.facebook.com\/romanwagner.optiker","https:\/\/www.instagram.com\/romanwagner.optiker\/","https:\/\/www.youtube.com\/channel\/UCIHnCII9jl34mZG08gXgG6A"]}]}},"_links":{"self":[{"href":"https:\/\/optik.roman-wagner.de\/fr\/wp-json\/wp\/v2\/pages\/7659","targetHints":{"allow":["GET"]}}],"collection":[{"href":"https:\/\/optik.roman-wagner.de\/fr\/wp-json\/wp\/v2\/pages"}],"about":[{"href":"https:\/\/optik.roman-wagner.de\/fr\/wp-json\/wp\/v2\/types\/page"}],"author":[{"embeddable":true,"href":"https:\/\/optik.roman-wagner.de\/fr\/wp-json\/wp\/v2\/users\/1"}],"replies":[{"embeddable":true,"href":"https:\/\/optik.roman-wagner.de\/fr\/wp-json\/wp\/v2\/comments?post=7659"}],"version-history":[{"count":2,"href":"https:\/\/optik.roman-wagner.de\/fr\/wp-json\/wp\/v2\/pages\/7659\/revisions"}],"predecessor-version":[{"id":7670,"href":"https:\/\/optik.roman-wagner.de\/fr\/wp-json\/wp\/v2\/pages\/7659\/revisions\/7670"}],"wp:attachment":[{"href":"https:\/\/optik.roman-wagner.de\/fr\/wp-json\/wp\/v2\/media?parent=7659"}],"curies":[{"name":"wp","href":"https:\/\/api.w.org\/{rel}","templated":true}]}}